{"id":290,"date":"2026-01-17T23:47:57","date_gmt":"2026-01-17T22:47:57","guid":{"rendered":"https:\/\/protravauxfrance.com\/home-2\/"},"modified":"2026-04-06T22:51:06","modified_gmt":"2026-04-06T21:51:06","slug":"home-2","status":"publish","type":"page","link":"https:\/\/protravauxfrance.com\/en\/","title":{"rendered":"Home"},"content":{"rendered":"<div data-elementor-type=\"wp-page\" data-elementor-id=\"290\" class=\"elementor elementor-290\">\n\t\t\t\t<div class=\"elementor-element elementor-element-429593c e-flex e-con-boxed e-con e-parent\" data-id=\"429593c\" data-element_type=\"container\" data-settings=\"{&quot;background_background&quot;:&quot;classic&quot;}\">\n\t\t\t\t\t<div class=\"e-con-inner\">\n\t\t\t\t<div class=\"elementor-element elementor-element-d31b343 elementor-widget elementor-widget-image-box\" data-id=\"d31b343\" data-element_type=\"widget\" data-widget_type=\"image-box.default\">\n\t\t\t\t\t<div class=\"elementor-image-box-wrapper\"><div class=\"elementor-image-box-content\"><h1 class=\"elementor-image-box-title\">Transform your living space<\/h1><p class=\"elementor-image-box-description\">R\u00e9novation int\u00e9rieure et ext\u00e9rieure haut de gamme en \u00cele-de-France, avec possibilit\u00e9 de projets sp\u00e9cifiques partout en France.<\/p><\/div><\/div>\t\t\t\t<\/div>\n\t\t\t\t<div class=\"elementor-element elementor-element-77b2a52 elementor-align-center elementor-widget elementor-widget-button\" data-id=\"77b2a52\" data-element_type=\"widget\" data-widget_type=\"button.default\">\n\t\t\t\t\t\t\t\t\t\t<a class=\"elementor-button elementor-button-link elementor-size-sm\" href=\"Request a quote\" target=\"_blank\" rel=\"noopener\">\n\t\t\t\t\t\t<span class=\"elementor-button-content-wrapper\">\n\t\t\t\t\t\t\t\t\t<span class=\"elementor-button-text\">Request a quote<\/span>\n\t\t\t\t\t<\/span>\n\t\t\t\t\t<\/a>\n\t\t\t\t\t\t\t\t<\/div>\n\t\t\t\t\t<\/div>\n\t\t\t\t<\/div>\n\t\t<div class=\"elementor-element elementor-element-735d843 e-flex e-con-boxed e-con e-parent\" data-id=\"735d843\" data-element_type=\"container\" data-settings=\"{&quot;background_background&quot;:&quot;classic&quot;}\">\n\t\t\t\t\t<div class=\"e-con-inner\">\n\t\t\t\t<div class=\"elementor-element elementor-element-e81376a elementor-widget elementor-widget-image-box\" data-id=\"e81376a\" data-element_type=\"widget\" data-widget_type=\"image-box.default\">\n\t\t\t\t\t<div class=\"elementor-image-box-wrapper\"><div class=\"elementor-image-box-content\"><h2 class=\"elementor-image-box-title\">Discover our key services<\/h2><p class=\"elementor-image-box-description\">We provide interior and exterior renovation solutions tailored to your needs, with the support of qualified partners for certain additional services.<\/p><\/div><\/div>\t\t\t\t<\/div>\n\t\t<div class=\"elementor-element elementor-element-a410366 e-con-full e-flex e-con e-child\" data-id=\"a410366\" data-element_type=\"container\">\n\t\t<div class=\"elementor-element elementor-element-bf43d19 e-con-full e-flex e-con e-child\" data-id=\"bf43d19\" data-element_type=\"container\">\n\t\t\t\t<div class=\"elementor-element elementor-element-51f32f0 elementor-widget elementor-widget-image\" data-id=\"51f32f0\" data-element_type=\"widget\" data-widget_type=\"image.default\">\n\t\t\t\t\t\t\t\t\t\t\t\t\t\t\t<img fetchpriority=\"high\" decoding=\"async\" width=\"896\" height=\"1195\" src=\"Home\" class=\"attachment-full size-full wp-image-782\" alt=\"Gemini Generated Image H3cbywh3cbywh3cb\" srcset=\"\" sizes=\"(max-width: 896px) 100vw, 896px\" title=\"Home\" data-srcset=\"\">\t\t\t\t\t\t\t\t\t\t\t\t\t\t\t<\/div>\n\t\t\t\t<div class=\"elementor-element elementor-element-02bd857 elementor-widget elementor-widget-hfe-infocard\" data-id=\"02bd857\" data-element_type=\"widget\" data-widget_type=\"hfe-infocard.default\">\n\t\t\t\t<div class=\"elementor-widget-container\">\n\t\t\t\t\t\n\t\t<div class=\"hfe-infocard\">\n\t\t\t\t\t\t\t\t\t<div class=\"hfe-infocard-title-wrap\">\n\t\t\t\t<h3 class=\"hfe-infocard-title elementor-inline-editing\" data-elementor-setting-key=\"infocard_title\" data-elementor-inline-editing-toolbar=\"basic\" >Interior renovation<\/h3>\t\t\t<\/div>\n\t\t\t\t\t\t<div class=\"hfe-infocard-text-wrap\">\n\t\t\t\t<div class=\"hfe-infocard-text elementor-inline-editing\" data-elementor-setting-key=\"infocard_description\" data-elementor-inline-editing-toolbar=\"advanced\">\n\t\t\t\t\tWe support your interior renovation projects to create spaces that are more functional, comfortable, and harmonious.\t\t\t\t<\/div>\n\t\t\t\t\t\t\t<\/div>\n\t\t<\/div>\n\n\t\t\t\t\t\t<\/div>\n\t\t\t\t<\/div>\n\t\t\t\t<\/div>\n\t\t<div class=\"elementor-element elementor-element-f239f43 e-con-full e-flex e-con e-child\" data-id=\"f239f43\" data-element_type=\"container\">\n\t\t\t\t<div class=\"elementor-element elementor-element-8e53c1e elementor-widget elementor-widget-image\" data-id=\"8e53c1e\" data-element_type=\"widget\" data-widget_type=\"image.default\">\n\t\t\t\t\t\t\t\t\t\t\t\t\t\t\t<img decoding=\"async\" width=\"896\" height=\"1195\" src=\"https:\/\/protravauxfrance.com\/wp-content\/uploads\/2026\/04\/Gemini_Generated_Image_fydyu0fydyu0fydy.png\" class=\"attachment-full size-full wp-image-780\" alt=\"ghsdfr\" srcset=\"https:\/\/protravauxfrance.com\/wp-content\/uploads\/2026\/04\/Gemini_Generated_Image_fydyu0fydyu0fydy.png 896w, https:\/\/protravauxfrance.com\/wp-content\/uploads\/2026\/04\/Gemini_Generated_Image_fydyu0fydyu0fydy-225x300.png 225w, https:\/\/protravauxfrance.com\/wp-content\/uploads\/2026\/04\/Gemini_Generated_Image_fydyu0fydyu0fydy-768x1024.png 768w, https:\/\/protravauxfrance.com\/wp-content\/uploads\/2026\/04\/Gemini_Generated_Image_fydyu0fydyu0fydy-9x12.png 9w\" sizes=\"(max-width: 896px) 100vw, 896px\" title=\"Home\">\t\t\t\t\t\t\t\t\t\t\t\t\t\t\t<\/div>\n\t\t\t\t<div class=\"elementor-element elementor-element-1c5bf71 elementor-widget elementor-widget-hfe-infocard\" data-id=\"1c5bf71\" data-element_type=\"widget\" data-widget_type=\"hfe-infocard.default\">\n\t\t\t\t<div class=\"elementor-widget-container\">\n\t\t\t\t\t\n\t\t<div class=\"hfe-infocard\">\n\t\t\t\t\t\t\t\t\t<div class=\"hfe-infocard-title-wrap\">\n\t\t\t\t<h3 class=\"hfe-infocard-title elementor-inline-editing\" data-elementor-setting-key=\"infocard_title\" data-elementor-inline-editing-toolbar=\"basic\" >Insulation<\/h3>\t\t\t<\/div>\n\t\t\t\t\t\t<div class=\"hfe-infocard-text-wrap\">\n\t\t\t\t<div class=\"hfe-infocard-text elementor-inline-editing\" data-elementor-setting-key=\"infocard_description\" data-elementor-inline-editing-toolbar=\"advanced\">\n\t\t\t\t\tWe support your insulation projects to improve your home\u2019s thermal comfort and energy performance.\t\t\t\t<\/div>\n\t\t\t\t\t\t\t<\/div>\n\t\t<\/div>\n\n\t\t\t\t\t\t<\/div>\n\t\t\t\t<\/div>\n\t\t\t\t<\/div>\n\t\t<div class=\"elementor-element elementor-element-bb804fc e-con-full e-flex e-con e-child\" data-id=\"bb804fc\" data-element_type=\"container\">\n\t\t\t\t<div class=\"elementor-element elementor-element-c5effc6 elementor-widget elementor-widget-image\" data-id=\"c5effc6\" data-element_type=\"widget\" data-widget_type=\"image.default\">\n\t\t\t\t\t\t\t\t\t\t\t\t\t\t\t<img decoding=\"async\" width=\"896\" height=\"1195\" src=\"https:\/\/protravauxfrance.com\/wp-content\/uploads\/2026\/04\/Gemini_Generated_Image_1zf5z21zf5z21zf5-1.png\" class=\"attachment-full size-full wp-image-777\" alt=\"123\" srcset=\"https:\/\/protravauxfrance.com\/wp-content\/uploads\/2026\/04\/Gemini_Generated_Image_1zf5z21zf5z21zf5-1.png 896w, https:\/\/protravauxfrance.com\/wp-content\/uploads\/2026\/04\/Gemini_Generated_Image_1zf5z21zf5z21zf5-1-225x300.png 225w, https:\/\/protravauxfrance.com\/wp-content\/uploads\/2026\/04\/Gemini_Generated_Image_1zf5z21zf5z21zf5-1-768x1024.png 768w, https:\/\/protravauxfrance.com\/wp-content\/uploads\/2026\/04\/Gemini_Generated_Image_1zf5z21zf5z21zf5-1-9x12.png 9w\" sizes=\"(max-width: 896px) 100vw, 896px\" title=\"Home\">\t\t\t\t\t\t\t\t\t\t\t\t\t\t\t<\/div>\n\t\t\t\t<div class=\"elementor-element elementor-element-8a1bc96 elementor-widget elementor-widget-hfe-infocard\" data-id=\"8a1bc96\" data-element_type=\"widget\" data-widget_type=\"hfe-infocard.default\">\n\t\t\t\t<div class=\"elementor-widget-container\">\n\t\t\t\t\t\n\t\t<div class=\"hfe-infocard\">\n\t\t\t\t\t\t\t\t\t<div class=\"hfe-infocard-title-wrap\">\n\t\t\t\t<h3 class=\"hfe-infocard-title elementor-inline-editing\" data-elementor-setting-key=\"infocard_title\" data-elementor-inline-editing-toolbar=\"basic\" >Exterior renovation<\/h3>\t\t\t<\/div>\n\t\t\t\t\t\t<div class=\"hfe-infocard-text-wrap\">\n\t\t\t\t<div class=\"hfe-infocard-text elementor-inline-editing\" data-elementor-setting-key=\"infocard_description\" data-elementor-inline-editing-toolbar=\"advanced\">\n\t\t\t\t\tWe support your exterior renovation projects to enhance the appearance and value of your property.\t\t\t\t<\/div>\n\t\t\t\t\t\t\t<\/div>\n\t\t<\/div>\n\n\t\t\t\t\t\t<\/div>\n\t\t\t\t<\/div>\n\t\t\t\t<\/div>\n\t\t\t\t<\/div>\n\t\t\t\t\t<\/div>\n\t\t\t\t<\/div>\n\t\t<div class=\"elementor-element elementor-element-786a8a2 e-flex e-con-boxed e-con e-parent\" data-id=\"786a8a2\" data-element_type=\"container\" data-settings=\"{&quot;background_background&quot;:&quot;classic&quot;}\">\n\t\t\t\t\t<div class=\"e-con-inner\">\n\t\t<div class=\"elementor-element elementor-element-f409a1e e-con-full e-flex e-con e-child\" data-id=\"f409a1e\" data-element_type=\"container\">\n\t\t\t\t<div class=\"elementor-element elementor-element-89f0474 elementor-widget elementor-widget-image\" data-id=\"89f0474\" data-element_type=\"widget\" data-widget_type=\"image.default\">\n\t\t\t\t\t\t\t\t\t\t\t\t\t\t\t<img loading=\"lazy\" decoding=\"async\" width=\"1536\" height=\"1024\" src=\"https:\/\/protravauxfrance.com\/wp-content\/uploads\/2026\/04\/ChatGPT-Image-4-avr.-2026-23_29_34.png\" class=\"attachment-full size-full wp-image-783\" alt=\"ChatGPT Image 4 Avr. 2026 23 29 34\" srcset=\"https:\/\/protravauxfrance.com\/wp-content\/uploads\/2026\/04\/ChatGPT-Image-4-avr.-2026-23_29_34.png 1536w, https:\/\/protravauxfrance.com\/wp-content\/uploads\/2026\/04\/ChatGPT-Image-4-avr.-2026-23_29_34-300x200.png 300w, https:\/\/protravauxfrance.com\/wp-content\/uploads\/2026\/04\/ChatGPT-Image-4-avr.-2026-23_29_34-1024x683.png 1024w, https:\/\/protravauxfrance.com\/wp-content\/uploads\/2026\/04\/ChatGPT-Image-4-avr.-2026-23_29_34-768x512.png 768w, https:\/\/protravauxfrance.com\/wp-content\/uploads\/2026\/04\/ChatGPT-Image-4-avr.-2026-23_29_34-18x12.png 18w\" sizes=\"(max-width: 1536px) 100vw, 1536px\" title=\"Home\">\t\t\t\t\t\t\t\t\t\t\t\t\t\t\t<\/div>\n\t\t\t\t<\/div>\n\t\t<div class=\"elementor-element elementor-element-de808ca e-con-full e-flex e-con e-child\" data-id=\"de808ca\" data-element_type=\"container\">\n\t\t\t\t<div class=\"elementor-element elementor-element-a260131 elementor-widget elementor-widget-image-box\" data-id=\"a260131\" data-element_type=\"widget\" data-widget_type=\"image-box.default\">\n\t\t\t\t\t<div class=\"elementor-image-box-wrapper\"><div class=\"elementor-image-box-content\"><h2 class=\"elementor-image-box-title\">Enhancing spaces, increasing property value<\/h2><p class=\"elementor-image-box-description\">PRO TRAVAUX FRANCE is a growing company specializing in interior and exterior joinery, including doors, windows, shutters, and glazing, while also supporting renovation and interior fitting projects.\nWe assist our clients in enhancing, optimizing, and adding value to their properties through tailored solutions for each project, with the support of qualified partners for selected complementary services.<\/p><\/div><\/div>\t\t\t\t<\/div>\n\t\t\t\t<div class=\"elementor-element elementor-element-d15b1f8 elementor-align-left elementor-widget elementor-widget-button\" data-id=\"d15b1f8\" data-element_type=\"widget\" data-widget_type=\"button.default\">\n\t\t\t\t\t\t\t\t\t\t<a class=\"elementor-button elementor-button-link elementor-size-sm\" href=\"\/about\/\">\n\t\t\t\t\t\t<span class=\"elementor-button-content-wrapper\">\n\t\t\t\t\t\t\t\t\t<span class=\"elementor-button-text\">Get a Quote<\/span>\n\t\t\t\t\t<\/span>\n\t\t\t\t\t<\/a>\n\t\t\t\t\t\t\t\t<\/div>\n\t\t\t\t<\/div>\n\t\t\t\t\t<\/div>\n\t\t\t\t<\/div>\n\t\t<div class=\"elementor-element elementor-element-d2b4540 e-flex e-con-boxed e-con e-parent\" data-id=\"d2b4540\" data-element_type=\"container\" data-settings=\"{&quot;background_background&quot;:&quot;classic&quot;}\">\n\t\t\t\t\t<div class=\"e-con-inner\">\n\t\t\t\t<div class=\"elementor-element elementor-element-cba9b07 elementor-widget elementor-widget-image-box\" data-id=\"cba9b07\" data-element_type=\"widget\" data-widget_type=\"image-box.default\">\n\t\t\t\t\t<div class=\"elementor-image-box-wrapper\"><div class=\"elementor-image-box-content\"><h2 class=\"elementor-image-box-title\">Outstanding custom renovation services<\/h2><p class=\"elementor-image-box-description\">At PRO TRAVAUX FRANCE, we are committed to quality, transparency, and timely delivery, ensuring an outstanding client experience throughout your renovation project.<\/p><\/div><\/div>\t\t\t\t<\/div>\n\t\t<div class=\"elementor-element elementor-element-3f09503 e-con-full e-flex e-con e-child\" data-id=\"3f09503\" data-element_type=\"container\">\n\t\t<div class=\"elementor-element elementor-element-1722c6c e-con-full e-flex e-con e-child\" data-id=\"1722c6c\" data-element_type=\"container\">\n\t\t\t\t<div class=\"elementor-element elementor-element-3406c83 elementor-widget elementor-widget-image\" data-id=\"3406c83\" data-element_type=\"widget\" data-widget_type=\"image.default\">\n\t\t\t\t\t\t\t\t\t\t\t\t\t\t\t<img loading=\"lazy\" decoding=\"async\" width=\"1536\" height=\"1024\" src=\"https:\/\/protravauxfrance.com\/wp-content\/uploads\/2026\/04\/ChatGPT-Image-4-avr.-2026-23_32_45.png\" class=\"attachment-full size-full wp-image-784\" alt=\"ChatGPT Image 4 Avr. 2026 23 32 45\" srcset=\"https:\/\/protravauxfrance.com\/wp-content\/uploads\/2026\/04\/ChatGPT-Image-4-avr.-2026-23_32_45.png 1536w, https:\/\/protravauxfrance.com\/wp-content\/uploads\/2026\/04\/ChatGPT-Image-4-avr.-2026-23_32_45-300x200.png 300w, https:\/\/protravauxfrance.com\/wp-content\/uploads\/2026\/04\/ChatGPT-Image-4-avr.-2026-23_32_45-1024x683.png 1024w, https:\/\/protravauxfrance.com\/wp-content\/uploads\/2026\/04\/ChatGPT-Image-4-avr.-2026-23_32_45-768x512.png 768w, https:\/\/protravauxfrance.com\/wp-content\/uploads\/2026\/04\/ChatGPT-Image-4-avr.-2026-23_32_45-18x12.png 18w\" sizes=\"(max-width: 1536px) 100vw, 1536px\" title=\"Home\">\t\t\t\t\t\t\t\t\t\t\t\t\t\t\t<\/div>\n\t\t\t\t<\/div>\n\t\t<div class=\"elementor-element elementor-element-6c84982 e-con-full e-flex e-con e-child\" data-id=\"6c84982\" data-element_type=\"container\">\n\t\t\t\t<div class=\"elementor-element elementor-element-661afa5 elementor-widget elementor-widget-hfe-infocard\" data-id=\"661afa5\" data-element_type=\"widget\" data-widget_type=\"hfe-infocard.default\">\n\t\t\t\t<div class=\"elementor-widget-container\">\n\t\t\t\t\t\n\t\t<div class=\"hfe-infocard\">\n\t\t\t\t\t\t\t\t\t<div class=\"hfe-infocard-title-wrap\">\n\t\t\t\t<h3 class=\"hfe-infocard-title elementor-inline-editing\" data-elementor-setting-key=\"infocard_title\" data-elementor-inline-editing-toolbar=\"basic\" >Superior quality<\/h3>\t\t\t<\/div>\n\t\t\t\t\t\t<div class=\"hfe-infocard-text-wrap\">\n\t\t\t\t<div class=\"hfe-infocard-text elementor-inline-editing\" data-elementor-setting-key=\"infocard_description\" data-elementor-inline-editing-toolbar=\"advanced\">\n\t\t\t\t\tWe use only high-quality materials and deliver impeccable finishes to ensure long-lasting results and complete client satisfaction.\t\t\t\t<\/div>\n\t\t\t\t\t\t\t<\/div>\n\t\t<\/div>\n\n\t\t\t\t\t\t<\/div>\n\t\t\t\t<\/div>\n\t\t\t\t<div class=\"elementor-element elementor-element-e5a618a elementor-align-left elementor-widget elementor-widget-button\" data-id=\"e5a618a\" data-element_type=\"widget\" data-widget_type=\"button.default\">\n\t\t\t\t\t\t\t\t\t\t<a class=\"elementor-button elementor-button-link elementor-size-sm\" href=\"\/offerings\/\">\n\t\t\t\t\t\t<span class=\"elementor-button-content-wrapper\">\n\t\t\t\t\t\t\t\t\t<span class=\"elementor-button-text\">Get a Quote<\/span>\n\t\t\t\t\t<\/span>\n\t\t\t\t\t<\/a>\n\t\t\t\t\t\t\t\t<\/div>\n\t\t\t\t<\/div>\n\t\t\t\t<\/div>\n\t\t<div class=\"elementor-element elementor-element-7d95bb6 e-con-full e-flex e-con e-child\" data-id=\"7d95bb6\" data-element_type=\"container\">\n\t\t<div class=\"elementor-element elementor-element-cd58ab0 e-con-full e-flex e-con e-child\" data-id=\"cd58ab0\" data-element_type=\"container\">\n\t\t\t\t<div class=\"elementor-element elementor-element-46cbb83 elementor-widget elementor-widget-hfe-infocard\" data-id=\"46cbb83\" data-element_type=\"widget\" data-widget_type=\"hfe-infocard.default\">\n\t\t\t\t<div class=\"elementor-widget-container\">\n\t\t\t\t\t\n\t\t<div class=\"hfe-infocard\">\n\t\t\t\t\t\t\t\t\t<div class=\"hfe-infocard-title-wrap\">\n\t\t\t\t<h3 class=\"hfe-infocard-title elementor-inline-editing\" data-elementor-setting-key=\"infocard_title\" data-elementor-inline-editing-toolbar=\"basic\" >Personalized guidance<\/h3>\t\t\t<\/div>\n\t\t\t\t\t\t<div class=\"hfe-infocard-text-wrap\">\n\t\t\t\t<div class=\"hfe-infocard-text elementor-inline-editing\" data-elementor-setting-key=\"infocard_description\" data-elementor-inline-editing-toolbar=\"advanced\">\n\t\t\t\t\tOur team supports you at every stage of the project, ensuring clear communication and close follow-up through to final delivery.\t\t\t\t<\/div>\n\t\t\t\t\t\t\t<\/div>\n\t\t<\/div>\n\n\t\t\t\t\t\t<\/div>\n\t\t\t\t<\/div>\n\t\t\t\t<div class=\"elementor-element elementor-element-d420953 elementor-align-left elementor-widget elementor-widget-button\" data-id=\"d420953\" data-element_type=\"widget\" data-widget_type=\"button.default\">\n\t\t\t\t\t\t\t\t\t\t<a class=\"elementor-button elementor-button-link elementor-size-sm\" href=\"\/offerings\/\">\n\t\t\t\t\t\t<span class=\"elementor-button-content-wrapper\">\n\t\t\t\t\t\t\t\t\t<span class=\"elementor-button-text\">Get a Quote<\/span>\n\t\t\t\t\t<\/span>\n\t\t\t\t\t<\/a>\n\t\t\t\t\t\t\t\t<\/div>\n\t\t\t\t<\/div>\n\t\t<div class=\"elementor-element elementor-element-7696ad9 e-con-full e-flex e-con e-child\" data-id=\"7696ad9\" data-element_type=\"container\">\n\t\t\t\t<div class=\"elementor-element elementor-element-3a96206 elementor-widget elementor-widget-image\" data-id=\"3a96206\" data-element_type=\"widget\" data-widget_type=\"image.default\">\n\t\t\t\t\t\t\t\t\t\t\t\t\t\t\t<img loading=\"lazy\" decoding=\"async\" width=\"1195\" height=\"896\" src=\"https:\/\/protravauxfrance.com\/wp-content\/uploads\/2026\/04\/Gemini_Generated_Image_4ylsxz4ylsxz4yls.png\" class=\"attachment-full size-full wp-image-785\" alt=\"Gemini Generated Image 4ylsxz4ylsxz4yls\" srcset=\"https:\/\/protravauxfrance.com\/wp-content\/uploads\/2026\/04\/Gemini_Generated_Image_4ylsxz4ylsxz4yls.png 1195w, https:\/\/protravauxfrance.com\/wp-content\/uploads\/2026\/04\/Gemini_Generated_Image_4ylsxz4ylsxz4yls-300x225.png 300w, https:\/\/protravauxfrance.com\/wp-content\/uploads\/2026\/04\/Gemini_Generated_Image_4ylsxz4ylsxz4yls-1024x768.png 1024w, https:\/\/protravauxfrance.com\/wp-content\/uploads\/2026\/04\/Gemini_Generated_Image_4ylsxz4ylsxz4yls-768x576.png 768w, https:\/\/protravauxfrance.com\/wp-content\/uploads\/2026\/04\/Gemini_Generated_Image_4ylsxz4ylsxz4yls-16x12.png 16w\" sizes=\"(max-width: 1195px) 100vw, 1195px\" title=\"Home\">\t\t\t\t\t\t\t\t\t\t\t\t\t\t\t<\/div>\n\t\t\t\t<\/div>\n\t\t\t\t<\/div>\n\t\t\t\t\t<\/div>\n\t\t\t\t<\/div>\n\t\t<div class=\"elementor-element elementor-element-93b84d6 e-flex e-con-boxed e-con e-parent\" data-id=\"93b84d6\" data-element_type=\"container\" data-settings=\"{&quot;background_background&quot;:&quot;classic&quot;}\">\n\t\t\t\t\t<div class=\"e-con-inner\">\n\t\t\t\t<div class=\"elementor-element elementor-element-fe4743e elementor-widget elementor-widget-image-box\" data-id=\"fe4743e\" data-element_type=\"widget\" data-widget_type=\"image-box.default\">\n\t\t\t\t\t<div class=\"elementor-image-box-wrapper\"><div class=\"elementor-image-box-content\"><h2 class=\"elementor-image-box-title\">Ready to start your project?<\/h2><p class=\"elementor-image-box-description\">Contact us today to discuss your project and receive a personalized, no-obligation quote.<\/p><\/div><\/div>\t\t\t\t<\/div>\n\t\t\t\t<div class=\"elementor-element elementor-element-1a6f4ce elementor-align-center elementor-widget elementor-widget-button\" data-id=\"1a6f4ce\" data-element_type=\"widget\" data-widget_type=\"button.default\">\n\t\t\t\t\t\t\t\t\t\t<a class=\"elementor-button elementor-button-link elementor-size-sm\" href=\"Request a quote\" target=\"_blank\" rel=\"noopener\">\n\t\t\t\t\t\t<span class=\"elementor-button-content-wrapper\">\n\t\t\t\t\t\t\t\t\t<span class=\"elementor-button-text\">Request a quote<\/span>\n\t\t\t\t\t<\/span>\n\t\t\t\t\t<\/a>\n\t\t\t\t\t\t\t\t<\/div>\n\t\t\t\t\t<\/div>\n\t\t\t\t<\/div>\n\t\t\t\t<\/div>","protected":false},"excerpt":{"rendered":"<p>Transformez votre espace de vie\u200b R\u00e9novation int\u00e9rieure et ext\u00e9rieure haut de gamme en \u00cele-de-France, avec possibilit\u00e9 de projets sp\u00e9cifiques partout [&hellip;]<\/p>","protected":false},"author":1,"featured_media":0,"parent":0,"menu_order":0,"comment_status":"closed","ping_status":"closed","template":"","meta":{"content-type":"","_uag_custom_page_level_css":"","site-sidebar-layout":"no-sidebar","site-content-layout":"","ast-site-content-layout":"full-width-container","site-content-style":"default","site-sidebar-style":"default","ast-global-header-display":"","ast-banner-title-visibility":"","ast-main-header-display":"","ast-hfb-above-header-display":"","ast-hfb-below-header-display":"","ast-hfb-mobile-header-display":"","site-post-title":"disabled","ast-breadcrumbs-content":"","ast-featured-img":"disabled","footer-sml-layout":"","ast-disable-related-posts":"","theme-transparent-header-meta":"","adv-header-id-meta":"","stick-header-meta":"","header-above-stick-meta":"","header-main-stick-meta":"","header-below-stick-meta":"","astra-migrate-meta-layouts":"default","ast-page-background-enabled":"default","ast-page-background-meta":{"desktop":{"background-color":"var(--ast-global-color-5)","background-image":"","background-repeat":"repeat","background-position":"center center","background-size":"auto","background-attachment":"scroll","background-type":"","background-media":"","overlay-type":"","overlay-color":"","overlay-opacity":"","overlay-gradient":""},"tablet":{"background-color":"","background-image":"","background-repeat":"repeat","background-position":"center center","background-size":"auto","background-attachment":"scroll","background-type":"","background-media":"","overlay-type":"","overlay-color":"","overlay-opacity":"","overlay-gradient":""},"mobile":{"background-color":"","background-image":"","background-repeat":"repeat","background-position":"center center","background-size":"auto","background-attachment":"scroll","background-type":"","background-media":"","overlay-type":"","overlay-color":"","overlay-opacity":"","overlay-gradient":""}},"ast-content-background-meta":{"desktop":{"background-color":"var(--ast-global-color-4)","background-image":"","background-repeat":"repeat","background-position":"center center","background-size":"auto","background-attachment":"scroll","background-type":"","background-media":"","overlay-type":"","overlay-color":"","overlay-opacity":"","overlay-gradient":""},"tablet":{"background-color":"var(--ast-global-color-4)","background-image":"","background-repeat":"repeat","background-position":"center center","background-size":"auto","background-attachment":"scroll","background-type":"","background-media":"","overlay-type":"","overlay-color":"","overlay-opacity":"","overlay-gradient":""},"mobile":{"background-color":"var(--ast-global-color-4)","background-image":"","background-repeat":"repeat","background-position":"center center","background-size":"auto","background-attachment":"scroll","background-type":"","background-media":"","overlay-type":"","overlay-color":"","overlay-opacity":"","overlay-gradient":""}},"_kadence_starter_templates_imported_post":false,"footnotes":""},"class_list":["post-290","page","type-page","status-publish","hentry"],"uagb_featured_image_src":{"full":false,"thumbnail":false,"medium":false,"medium_large":false,"large":false,"1536x1536":false,"2048x2048":false,"trp-custom-language-flag":false},"uagb_author_info":{"display_name":"PRO TRAVAUX FRANCE","author_link":"https:\/\/protravauxfrance.com\/en\/author\/arthursingh0387\/"},"uagb_comment_info":0,"uagb_excerpt":"Transformez votre espace de vie\u200b R\u00e9novation int\u00e9rieure et ext\u00e9rieure haut de gamme en \u00cele-de-France, avec possibilit\u00e9 de projets sp\u00e9cifiques partout [&hellip;]","_links":{"self":[{"href":"https:\/\/protravauxfrance.com\/en\/wp-json\/wp\/v2\/pages\/290","targetHints":{"allow":["GET"]}}],"collection":[{"href":"https:\/\/protravauxfrance.com\/en\/wp-json\/wp\/v2\/pages"}],"about":[{"href":"https:\/\/protravauxfrance.com\/en\/wp-json\/wp\/v2\/types\/page"}],"author":[{"embeddable":true,"href":"https:\/\/protravauxfrance.com\/en\/wp-json\/wp\/v2\/users\/1"}],"replies":[{"embeddable":true,"href":"https:\/\/protravauxfrance.com\/en\/wp-json\/wp\/v2\/comments?post=290"}],"version-history":[{"count":5,"href":"https:\/\/protravauxfrance.com\/en\/wp-json\/wp\/v2\/pages\/290\/revisions"}],"predecessor-version":[{"id":809,"href":"https:\/\/protravauxfrance.com\/en\/wp-json\/wp\/v2\/pages\/290\/revisions\/809"}],"wp:attachment":[{"href":"https:\/\/protravauxfrance.com\/en\/wp-json\/wp\/v2\/media?parent=290"}],"curies":[{"name":"wp","href":"https:\/\/api.w.org\/{rel}","templated":true}]}}